{"id":11639,"date":"2015-11-04T15:08:26","date_gmt":"2015-11-04T13:08:26","guid":{"rendered":"http:\/\/localhost\/plus\/elv3\/epood\/tolketehnika-vastuvotja-yarmee-ysn504r\/"},"modified":"2018-12-21T17:30:51","modified_gmt":"2018-12-21T15:30:51","slug":"tolketehnika-vastuvotja-yarmee-ysn504r","status":"publish","type":"product","link":"https:\/\/elvtehnika.ee\/test\/epood\/tolketehnika-vastuvotja-yarmee-ysn504r\/","title":{"rendered":"T\u00f5lketehnika vastuv\u00f5tja Yarmee YSN504R"},"content":{"rendered":"","protected":false},"excerpt":{"rendered":"","protected":false},"featured_media":2927,"template":"","meta":[],"acf":[],"yoast_head":"<!-- This site is optimized with the Yoast SEO plugin v20.5 - https:\/\/yoast.com\/wordpress\/plugins\/seo\/ -->\n<title>T\u00f5lketehnika vastuv\u00f5tja Yarmee YSN504R - ELV Tehnika<\/title>\n<meta name=\"description\" content=\"T\u00f5lketehnika vastuv\u00f5tja, infrapuna, 4 kanalit, LCD displei\" \/>\n<meta name=\"robots\" content=\"noindex, follow, max-snippet:-1, max-image-preview:large, max-video-preview:-1\" \/>\n<meta property=\"og:locale\" content=\"et_EE\" \/>\n<meta property=\"og:type\" content=\"article\" \/>\n<meta property=\"og:title\" content=\"T\u00f5lketehnika vastuv\u00f5tja Yarmee YSN504R - ELV Tehnika\" \/>\n<meta property=\"og:description\" content=\"T\u00f5lketehnika vastuv\u00f5tja, infrapuna, 4 kanalit, LCD displei\" \/>\n<meta property=\"og:url\" content=\"https:\/\/elvtehnika.ee\/test\/epood\/tolketehnika-vastuvotja-yarmee-ysn504r\/\" \/>\n<meta property=\"og:site_name\" content=\"ELV Tehnika\" \/>\n<meta property=\"article:modified_time\" content=\"2018-12-21T15:30:51+00:00\" \/>\n<meta property=\"og:image\" content=\"https:\/\/elvtehnika.ee\/test\/wp-content\/uploads\/T\u00f5lketehnika-vastuv\u00f5tja-Yarmee-YSN504R-2.jpg\" \/>\n\t<meta property=\"og:image:width\" content=\"587\" \/>\n\t<meta property=\"og:image:height\" content=\"504\" \/>\n\t<meta property=\"og:image:type\" content=\"image\/jpeg\" \/>\n<script type=\"application\/ld+json\" class=\"yoast-schema-graph\">{\"@context\":\"https:\/\/schema.org\",\"@graph\":[{\"@type\":\"WebPage\",\"@id\":\"https:\/\/elvtehnika.ee\/test\/epood\/tolketehnika-vastuvotja-yarmee-ysn504r\/\",\"url\":\"https:\/\/elvtehnika.ee\/test\/epood\/tolketehnika-vastuvotja-yarmee-ysn504r\/\",\"name\":\"T\u00f5lketehnika vastuv\u00f5tja Yarmee YSN504R - ELV Tehnika\",\"isPartOf\":{\"@id\":\"https:\/\/elvtehnika.ee\/test\/#website\"},\"datePublished\":\"2015-11-04T13:08:26+00:00\",\"dateModified\":\"2018-12-21T15:30:51+00:00\",\"description\":\"T\u00f5lketehnika vastuv\u00f5tja, infrapuna, 4 kanalit, LCD displei\",\"breadcrumb\":{\"@id\":\"https:\/\/elvtehnika.ee\/test\/epood\/tolketehnika-vastuvotja-yarmee-ysn504r\/#breadcrumb\"},\"inLanguage\":\"et\",\"potentialAction\":[{\"@type\":\"ReadAction\",\"target\":[\"https:\/\/elvtehnika.ee\/test\/epood\/tolketehnika-vastuvotja-yarmee-ysn504r\/\"]}]},{\"@type\":\"BreadcrumbList\",\"@id\":\"https:\/\/elvtehnika.ee\/test\/epood\/tolketehnika-vastuvotja-yarmee-ysn504r\/#breadcrumb\",\"itemListElement\":[{\"@type\":\"ListItem\",\"position\":1,\"name\":\"Home\",\"item\":\"https:\/\/elvtehnika.ee\/test\/\"},{\"@type\":\"ListItem\",\"position\":2,\"name\":\"E-pood\",\"item\":\"https:\/\/elvtehnika.ee\/test\/epood\/\"},{\"@type\":\"ListItem\",\"position\":3,\"name\":\"T\u00f5lketehnika vastuv\u00f5tja Yarmee YSN504R\"}]},{\"@type\":\"WebSite\",\"@id\":\"https:\/\/elvtehnika.ee\/test\/#website\",\"url\":\"https:\/\/elvtehnika.ee\/test\/\",\"name\":\"ELV Tehnika\",\"description\":\"Heli-, valgus- ja esitlustehnika\",\"potentialAction\":[{\"@type\":\"SearchAction\",\"target\":{\"@type\":\"EntryPoint\",\"urlTemplate\":\"https:\/\/elvtehnika.ee\/test\/?s={search_term_string}\"},\"query-input\":\"required name=search_term_string\"}],\"inLanguage\":\"et\"}]}<\/script>\n<!-- \/ Yoast SEO plugin. -->","yoast_head_json":{"title":"T\u00f5lketehnika vastuv\u00f5tja Yarmee YSN504R - ELV Tehnika","description":"T\u00f5lketehnika vastuv\u00f5tja, infrapuna, 4 kanalit, LCD displei","robots":{"index":"noindex","follow":"follow","max-snippet":"max-snippet:-1","max-image-preview":"max-image-preview:large","max-video-preview":"max-video-preview:-1"},"og_locale":"et_EE","og_type":"article","og_title":"T\u00f5lketehnika vastuv\u00f5tja Yarmee YSN504R - ELV Tehnika","og_description":"T\u00f5lketehnika vastuv\u00f5tja, infrapuna, 4 kanalit, LCD displei","og_url":"https:\/\/elvtehnika.ee\/test\/epood\/tolketehnika-vastuvotja-yarmee-ysn504r\/","og_site_name":"ELV Tehnika","article_modified_time":"2018-12-21T15:30:51+00:00","og_image":[{"width":587,"height":504,"url":"https:\/\/elvtehnika.ee\/test\/wp-content\/uploads\/T\u00f5lketehnika-vastuv\u00f5tja-Yarmee-YSN504R-2.jpg","type":"image\/jpeg"}],"schema":{"@context":"https:\/\/schema.org","@graph":[{"@type":"WebPage","@id":"https:\/\/elvtehnika.ee\/test\/epood\/tolketehnika-vastuvotja-yarmee-ysn504r\/","url":"https:\/\/elvtehnika.ee\/test\/epood\/tolketehnika-vastuvotja-yarmee-ysn504r\/","name":"T\u00f5lketehnika vastuv\u00f5tja Yarmee YSN504R - ELV Tehnika","isPartOf":{"@id":"https:\/\/elvtehnika.ee\/test\/#website"},"datePublished":"2015-11-04T13:08:26+00:00","dateModified":"2018-12-21T15:30:51+00:00","description":"T\u00f5lketehnika vastuv\u00f5tja, infrapuna, 4 kanalit, LCD displei","breadcrumb":{"@id":"https:\/\/elvtehnika.ee\/test\/epood\/tolketehnika-vastuvotja-yarmee-ysn504r\/#breadcrumb"},"inLanguage":"et","potentialAction":[{"@type":"ReadAction","target":["https:\/\/elvtehnika.ee\/test\/epood\/tolketehnika-vastuvotja-yarmee-ysn504r\/"]}]},{"@type":"BreadcrumbList","@id":"https:\/\/elvtehnika.ee\/test\/epood\/tolketehnika-vastuvotja-yarmee-ysn504r\/#breadcrumb","itemListElement":[{"@type":"ListItem","position":1,"name":"Home","item":"https:\/\/elvtehnika.ee\/test\/"},{"@type":"ListItem","position":2,"name":"E-pood","item":"https:\/\/elvtehnika.ee\/test\/epood\/"},{"@type":"ListItem","position":3,"name":"T\u00f5lketehnika vastuv\u00f5tja Yarmee YSN504R"}]},{"@type":"WebSite","@id":"https:\/\/elvtehnika.ee\/test\/#website","url":"https:\/\/elvtehnika.ee\/test\/","name":"ELV Tehnika","description":"Heli-, valgus- ja esitlustehnika","potentialAction":[{"@type":"SearchAction","target":{"@type":"EntryPoint","urlTemplate":"https:\/\/elvtehnika.ee\/test\/?s={search_term_string}"},"query-input":"required name=search_term_string"}],"inLanguage":"et"}]}},"_links":{"self":[{"href":"https:\/\/elvtehnika.ee\/test\/wp-json\/wp\/v2\/product\/11639"}],"collection":[{"href":"https:\/\/elvtehnika.ee\/test\/wp-json\/wp\/v2\/product"}],"about":[{"href":"https:\/\/elvtehnika.ee\/test\/wp-json\/wp\/v2\/types\/product"}],"wp:featuredmedia":[{"embeddable":true,"href":"https:\/\/elvtehnika.ee\/test\/wp-json\/wp\/v2\/media\/2927"}],"wp:attachment":[{"href":"https:\/\/elvtehnika.ee\/test\/wp-json\/wp\/v2\/media?parent=11639"}],"curies":[{"name":"wp","href":"https:\/\/api.w.org\/{rel}","templated":true}]}}