{"id":11643,"date":"2015-11-04T14:12:28","date_gmt":"2015-11-04T12:12:28","guid":{"rendered":"http:\/\/localhost\/plus\/elv3\/epood\/sunkroontolketehnika-transmitter-yarmee-ys504m\/"},"modified":"2018-12-21T17:30:51","modified_gmt":"2018-12-21T15:30:51","slug":"sunkroontolketehnika-transmitter-yarmee-ys504m","status":"publish","type":"product","link":"https:\/\/elvtehnika.ee\/test\/epood\/sunkroontolketehnika-transmitter-yarmee-ys504m\/","title":{"rendered":"S\u00fcnkroont\u00f5lketehnika transmitter Yarmee YS504M"},"content":{"rendered":"","protected":false},"excerpt":{"rendered":"","protected":false},"featured_media":2921,"template":"","meta":[],"acf":[],"yoast_head":"<!-- This site is optimized with the Yoast SEO plugin v20.5 - https:\/\/yoast.com\/wordpress\/plugins\/seo\/ -->\n<title>S\u00fcnkroont\u00f5lketehnika transmitter Yarmee YS504M - ELV Tehnika<\/title>\n<meta name=\"description\" content=\"S\u00fcnkroont\u00f5lketehnika transmitter - keskseade\" \/>\n<meta name=\"robots\" content=\"noindex, follow, max-snippet:-1, max-image-preview:large, max-video-preview:-1\" \/>\n<meta property=\"og:locale\" content=\"et_EE\" \/>\n<meta property=\"og:type\" content=\"article\" \/>\n<meta property=\"og:title\" content=\"S\u00fcnkroont\u00f5lketehnika transmitter Yarmee YS504M - ELV Tehnika\" \/>\n<meta property=\"og:description\" content=\"S\u00fcnkroont\u00f5lketehnika transmitter - keskseade\" \/>\n<meta property=\"og:url\" content=\"https:\/\/elvtehnika.ee\/test\/epood\/sunkroontolketehnika-transmitter-yarmee-ys504m\/\" \/>\n<meta property=\"og:site_name\" content=\"ELV Tehnika\" \/>\n<meta property=\"article:modified_time\" content=\"2018-12-21T15:30:51+00:00\" \/>\n<meta property=\"og:image\" content=\"https:\/\/elvtehnika.ee\/test\/wp-content\/uploads\/S\u00fcnkroont\u00f5lketehnika-transmitter-Yarmee-YS504M.jpg\" \/>\n\t<meta property=\"og:image:width\" content=\"594\" \/>\n\t<meta property=\"og:image:height\" content=\"499\" \/>\n\t<meta property=\"og:image:type\" content=\"image\/jpeg\" \/>\n<script type=\"application\/ld+json\" class=\"yoast-schema-graph\">{\"@context\":\"https:\/\/schema.org\",\"@graph\":[{\"@type\":\"WebPage\",\"@id\":\"https:\/\/elvtehnika.ee\/test\/epood\/sunkroontolketehnika-transmitter-yarmee-ys504m\/\",\"url\":\"https:\/\/elvtehnika.ee\/test\/epood\/sunkroontolketehnika-transmitter-yarmee-ys504m\/\",\"name\":\"S\u00fcnkroont\u00f5lketehnika transmitter Yarmee YS504M - ELV Tehnika\",\"isPartOf\":{\"@id\":\"https:\/\/elvtehnika.ee\/test\/#website\"},\"datePublished\":\"2015-11-04T12:12:28+00:00\",\"dateModified\":\"2018-12-21T15:30:51+00:00\",\"description\":\"S\u00fcnkroont\u00f5lketehnika transmitter - keskseade\",\"breadcrumb\":{\"@id\":\"https:\/\/elvtehnika.ee\/test\/epood\/sunkroontolketehnika-transmitter-yarmee-ys504m\/#breadcrumb\"},\"inLanguage\":\"et\",\"potentialAction\":[{\"@type\":\"ReadAction\",\"target\":[\"https:\/\/elvtehnika.ee\/test\/epood\/sunkroontolketehnika-transmitter-yarmee-ys504m\/\"]}]},{\"@type\":\"BreadcrumbList\",\"@id\":\"https:\/\/elvtehnika.ee\/test\/epood\/sunkroontolketehnika-transmitter-yarmee-ys504m\/#breadcrumb\",\"itemListElement\":[{\"@type\":\"ListItem\",\"position\":1,\"name\":\"Home\",\"item\":\"https:\/\/elvtehnika.ee\/test\/\"},{\"@type\":\"ListItem\",\"position\":2,\"name\":\"E-pood\",\"item\":\"https:\/\/elvtehnika.ee\/test\/epood\/\"},{\"@type\":\"ListItem\",\"position\":3,\"name\":\"S\u00fcnkroont\u00f5lketehnika transmitter Yarmee YS504M\"}]},{\"@type\":\"WebSite\",\"@id\":\"https:\/\/elvtehnika.ee\/test\/#website\",\"url\":\"https:\/\/elvtehnika.ee\/test\/\",\"name\":\"ELV Tehnika\",\"description\":\"Heli-, valgus- ja esitlustehnika\",\"potentialAction\":[{\"@type\":\"SearchAction\",\"target\":{\"@type\":\"EntryPoint\",\"urlTemplate\":\"https:\/\/elvtehnika.ee\/test\/?s={search_term_string}\"},\"query-input\":\"required name=search_term_string\"}],\"inLanguage\":\"et\"}]}<\/script>\n<!-- \/ Yoast SEO plugin. -->","yoast_head_json":{"title":"S\u00fcnkroont\u00f5lketehnika transmitter Yarmee YS504M - ELV Tehnika","description":"S\u00fcnkroont\u00f5lketehnika transmitter - keskseade","robots":{"index":"noindex","follow":"follow","max-snippet":"max-snippet:-1","max-image-preview":"max-image-preview:large","max-video-preview":"max-video-preview:-1"},"og_locale":"et_EE","og_type":"article","og_title":"S\u00fcnkroont\u00f5lketehnika transmitter Yarmee YS504M - ELV Tehnika","og_description":"S\u00fcnkroont\u00f5lketehnika transmitter - keskseade","og_url":"https:\/\/elvtehnika.ee\/test\/epood\/sunkroontolketehnika-transmitter-yarmee-ys504m\/","og_site_name":"ELV Tehnika","article_modified_time":"2018-12-21T15:30:51+00:00","og_image":[{"width":594,"height":499,"url":"https:\/\/elvtehnika.ee\/test\/wp-content\/uploads\/S\u00fcnkroont\u00f5lketehnika-transmitter-Yarmee-YS504M.jpg","type":"image\/jpeg"}],"schema":{"@context":"https:\/\/schema.org","@graph":[{"@type":"WebPage","@id":"https:\/\/elvtehnika.ee\/test\/epood\/sunkroontolketehnika-transmitter-yarmee-ys504m\/","url":"https:\/\/elvtehnika.ee\/test\/epood\/sunkroontolketehnika-transmitter-yarmee-ys504m\/","name":"S\u00fcnkroont\u00f5lketehnika transmitter Yarmee YS504M - ELV Tehnika","isPartOf":{"@id":"https:\/\/elvtehnika.ee\/test\/#website"},"datePublished":"2015-11-04T12:12:28+00:00","dateModified":"2018-12-21T15:30:51+00:00","description":"S\u00fcnkroont\u00f5lketehnika transmitter - keskseade","breadcrumb":{"@id":"https:\/\/elvtehnika.ee\/test\/epood\/sunkroontolketehnika-transmitter-yarmee-ys504m\/#breadcrumb"},"inLanguage":"et","potentialAction":[{"@type":"ReadAction","target":["https:\/\/elvtehnika.ee\/test\/epood\/sunkroontolketehnika-transmitter-yarmee-ys504m\/"]}]},{"@type":"BreadcrumbList","@id":"https:\/\/elvtehnika.ee\/test\/epood\/sunkroontolketehnika-transmitter-yarmee-ys504m\/#breadcrumb","itemListElement":[{"@type":"ListItem","position":1,"name":"Home","item":"https:\/\/elvtehnika.ee\/test\/"},{"@type":"ListItem","position":2,"name":"E-pood","item":"https:\/\/elvtehnika.ee\/test\/epood\/"},{"@type":"ListItem","position":3,"name":"S\u00fcnkroont\u00f5lketehnika transmitter Yarmee YS504M"}]},{"@type":"WebSite","@id":"https:\/\/elvtehnika.ee\/test\/#website","url":"https:\/\/elvtehnika.ee\/test\/","name":"ELV Tehnika","description":"Heli-, valgus- ja esitlustehnika","potentialAction":[{"@type":"SearchAction","target":{"@type":"EntryPoint","urlTemplate":"https:\/\/elvtehnika.ee\/test\/?s={search_term_string}"},"query-input":"required name=search_term_string"}],"inLanguage":"et"}]}},"_links":{"self":[{"href":"https:\/\/elvtehnika.ee\/test\/wp-json\/wp\/v2\/product\/11643"}],"collection":[{"href":"https:\/\/elvtehnika.ee\/test\/wp-json\/wp\/v2\/product"}],"about":[{"href":"https:\/\/elvtehnika.ee\/test\/wp-json\/wp\/v2\/types\/product"}],"wp:featuredmedia":[{"embeddable":true,"href":"https:\/\/elvtehnika.ee\/test\/wp-json\/wp\/v2\/media\/2921"}],"wp:attachment":[{"href":"https:\/\/elvtehnika.ee\/test\/wp-json\/wp\/v2\/media?parent=11643"}],"curies":[{"name":"wp","href":"https:\/\/api.w.org\/{rel}","templated":true}]}}