{"id":11669,"date":"2015-10-12T16:24:04","date_gmt":"2015-10-12T13:24:04","guid":{"rendered":"http:\/\/localhost\/plus\/elv3\/epood\/projektor-infocus-in112x\/"},"modified":"2018-12-21T17:30:52","modified_gmt":"2018-12-21T15:30:52","slug":"projektor-infocus-in112x","status":"publish","type":"product","link":"https:\/\/elvtehnika.ee\/test\/epood\/projektor-infocus-in112x\/","title":{"rendered":"Projektor Infocus IN112x"},"content":{"rendered":"","protected":false},"excerpt":{"rendered":"","protected":false},"featured_media":2436,"template":"","meta":[],"acf":[],"yoast_head":"<!-- This site is optimized with the Yoast SEO plugin v20.5 - https:\/\/yoast.com\/wordpress\/plugins\/seo\/ -->\n<title>Projektor Infocus IN112x - ELV Tehnika<\/title>\n<meta name=\"description\" content=\"Projektor Infocus IN112x - suur 3200 lum heledus, soodne hind, hdmi \u00fchendus, t\u00f6\u00f6iga lambil kuni 10 000 tundi\" \/>\n<meta name=\"robots\" content=\"noindex, follow, max-snippet:-1, max-image-preview:large, max-video-preview:-1\" \/>\n<meta property=\"og:locale\" content=\"et_EE\" \/>\n<meta property=\"og:type\" content=\"article\" \/>\n<meta property=\"og:title\" content=\"Projektor Infocus IN112x - ELV Tehnika\" \/>\n<meta property=\"og:description\" content=\"Projektor Infocus IN112x - suur 3200 lum heledus, soodne hind, hdmi \u00fchendus, t\u00f6\u00f6iga lambil kuni 10 000 tundi\" \/>\n<meta property=\"og:url\" content=\"https:\/\/elvtehnika.ee\/test\/epood\/projektor-infocus-in112x\/\" \/>\n<meta property=\"og:site_name\" content=\"ELV Tehnika\" \/>\n<meta property=\"article:modified_time\" content=\"2018-12-21T15:30:52+00:00\" \/>\n<meta property=\"og:image\" content=\"https:\/\/elvtehnika.ee\/test\/wp-content\/uploads\/projektor-InFocus-IN112x.jpg\" \/>\n\t<meta property=\"og:image:width\" content=\"565\" \/>\n\t<meta property=\"og:image:height\" content=\"322\" \/>\n\t<meta property=\"og:image:type\" content=\"image\/jpeg\" \/>\n<script type=\"application\/ld+json\" class=\"yoast-schema-graph\">{\"@context\":\"https:\/\/schema.org\",\"@graph\":[{\"@type\":\"WebPage\",\"@id\":\"https:\/\/elvtehnika.ee\/test\/epood\/projektor-infocus-in112x\/\",\"url\":\"https:\/\/elvtehnika.ee\/test\/epood\/projektor-infocus-in112x\/\",\"name\":\"Projektor Infocus IN112x - ELV Tehnika\",\"isPartOf\":{\"@id\":\"https:\/\/elvtehnika.ee\/test\/#website\"},\"datePublished\":\"2015-10-12T13:24:04+00:00\",\"dateModified\":\"2018-12-21T15:30:52+00:00\",\"description\":\"Projektor Infocus IN112x - suur 3200 lum heledus, soodne hind, hdmi \u00fchendus, t\u00f6\u00f6iga lambil kuni 10 000 tundi\",\"breadcrumb\":{\"@id\":\"https:\/\/elvtehnika.ee\/test\/epood\/projektor-infocus-in112x\/#breadcrumb\"},\"inLanguage\":\"et\",\"potentialAction\":[{\"@type\":\"ReadAction\",\"target\":[\"https:\/\/elvtehnika.ee\/test\/epood\/projektor-infocus-in112x\/\"]}]},{\"@type\":\"BreadcrumbList\",\"@id\":\"https:\/\/elvtehnika.ee\/test\/epood\/projektor-infocus-in112x\/#breadcrumb\",\"itemListElement\":[{\"@type\":\"ListItem\",\"position\":1,\"name\":\"Home\",\"item\":\"https:\/\/elvtehnika.ee\/test\/\"},{\"@type\":\"ListItem\",\"position\":2,\"name\":\"E-pood\",\"item\":\"https:\/\/elvtehnika.ee\/test\/epood\/\"},{\"@type\":\"ListItem\",\"position\":3,\"name\":\"Projektor Infocus IN112x\"}]},{\"@type\":\"WebSite\",\"@id\":\"https:\/\/elvtehnika.ee\/test\/#website\",\"url\":\"https:\/\/elvtehnika.ee\/test\/\",\"name\":\"ELV Tehnika\",\"description\":\"Heli-, valgus- ja esitlustehnika\",\"potentialAction\":[{\"@type\":\"SearchAction\",\"target\":{\"@type\":\"EntryPoint\",\"urlTemplate\":\"https:\/\/elvtehnika.ee\/test\/?s={search_term_string}\"},\"query-input\":\"required name=search_term_string\"}],\"inLanguage\":\"et\"}]}<\/script>\n<!-- \/ Yoast SEO plugin. -->","yoast_head_json":{"title":"Projektor Infocus IN112x - ELV Tehnika","description":"Projektor Infocus IN112x - suur 3200 lum heledus, soodne hind, hdmi \u00fchendus, t\u00f6\u00f6iga lambil kuni 10 000 tundi","robots":{"index":"noindex","follow":"follow","max-snippet":"max-snippet:-1","max-image-preview":"max-image-preview:large","max-video-preview":"max-video-preview:-1"},"og_locale":"et_EE","og_type":"article","og_title":"Projektor Infocus IN112x - ELV Tehnika","og_description":"Projektor Infocus IN112x - suur 3200 lum heledus, soodne hind, hdmi \u00fchendus, t\u00f6\u00f6iga lambil kuni 10 000 tundi","og_url":"https:\/\/elvtehnika.ee\/test\/epood\/projektor-infocus-in112x\/","og_site_name":"ELV Tehnika","article_modified_time":"2018-12-21T15:30:52+00:00","og_image":[{"width":565,"height":322,"url":"https:\/\/elvtehnika.ee\/test\/wp-content\/uploads\/projektor-InFocus-IN112x.jpg","type":"image\/jpeg"}],"schema":{"@context":"https:\/\/schema.org","@graph":[{"@type":"WebPage","@id":"https:\/\/elvtehnika.ee\/test\/epood\/projektor-infocus-in112x\/","url":"https:\/\/elvtehnika.ee\/test\/epood\/projektor-infocus-in112x\/","name":"Projektor Infocus IN112x - ELV Tehnika","isPartOf":{"@id":"https:\/\/elvtehnika.ee\/test\/#website"},"datePublished":"2015-10-12T13:24:04+00:00","dateModified":"2018-12-21T15:30:52+00:00","description":"Projektor Infocus IN112x - suur 3200 lum heledus, soodne hind, hdmi \u00fchendus, t\u00f6\u00f6iga lambil kuni 10 000 tundi","breadcrumb":{"@id":"https:\/\/elvtehnika.ee\/test\/epood\/projektor-infocus-in112x\/#breadcrumb"},"inLanguage":"et","potentialAction":[{"@type":"ReadAction","target":["https:\/\/elvtehnika.ee\/test\/epood\/projektor-infocus-in112x\/"]}]},{"@type":"BreadcrumbList","@id":"https:\/\/elvtehnika.ee\/test\/epood\/projektor-infocus-in112x\/#breadcrumb","itemListElement":[{"@type":"ListItem","position":1,"name":"Home","item":"https:\/\/elvtehnika.ee\/test\/"},{"@type":"ListItem","position":2,"name":"E-pood","item":"https:\/\/elvtehnika.ee\/test\/epood\/"},{"@type":"ListItem","position":3,"name":"Projektor Infocus IN112x"}]},{"@type":"WebSite","@id":"https:\/\/elvtehnika.ee\/test\/#website","url":"https:\/\/elvtehnika.ee\/test\/","name":"ELV Tehnika","description":"Heli-, valgus- ja esitlustehnika","potentialAction":[{"@type":"SearchAction","target":{"@type":"EntryPoint","urlTemplate":"https:\/\/elvtehnika.ee\/test\/?s={search_term_string}"},"query-input":"required name=search_term_string"}],"inLanguage":"et"}]}},"_links":{"self":[{"href":"https:\/\/elvtehnika.ee\/test\/wp-json\/wp\/v2\/product\/11669"}],"collection":[{"href":"https:\/\/elvtehnika.ee\/test\/wp-json\/wp\/v2\/product"}],"about":[{"href":"https:\/\/elvtehnika.ee\/test\/wp-json\/wp\/v2\/types\/product"}],"wp:featuredmedia":[{"embeddable":true,"href":"https:\/\/elvtehnika.ee\/test\/wp-json\/wp\/v2\/media\/2436"}],"wp:attachment":[{"href":"https:\/\/elvtehnika.ee\/test\/wp-json\/wp\/v2\/media?parent=11669"}],"curies":[{"name":"wp","href":"https:\/\/api.w.org\/{rel}","templated":true}]}}