{"id":11698,"date":"2015-09-18T12:16:31","date_gmt":"2015-09-18T09:16:31","guid":{"rendered":"http:\/\/localhost\/plus\/elv3\/epood\/thon-tehnikarakk-10u-live-40\/"},"modified":"2018-12-21T17:30:53","modified_gmt":"2018-12-21T15:30:53","slug":"thon-tehnikarakk-10u-live-40","status":"publish","type":"product","link":"https:\/\/elvtehnika.ee\/test\/epood\/thon-tehnikarakk-10u-live-40\/","title":{"rendered":"Thon tehnikar\u00e4kk 10U Live 40"},"content":{"rendered":"","protected":false},"excerpt":{"rendered":"","protected":false},"featured_media":2289,"template":"","meta":[],"acf":[],"yoast_head":"<!-- This site is optimized with the Yoast SEO plugin v20.5 - https:\/\/yoast.com\/wordpress\/plugins\/seo\/ -->\n<title>Thon tehnikar\u00e4kk 10U Live 40 - ELV Tehnika<\/title>\n<meta name=\"description\" content=\"Tehnikar\u00e4kk 10U k\u00f5gusega, raadiomikrofoni vastuv\u00f5tjatele - raadiomikrofonide m\u00fc\u00fck\" \/>\n<meta name=\"robots\" content=\"noindex, follow, max-snippet:-1, max-image-preview:large, max-video-preview:-1\" \/>\n<meta property=\"og:locale\" content=\"et_EE\" \/>\n<meta property=\"og:type\" content=\"article\" \/>\n<meta property=\"og:title\" content=\"Thon tehnikar\u00e4kk 10U Live 40 - ELV Tehnika\" \/>\n<meta property=\"og:description\" content=\"Tehnikar\u00e4kk 10U k\u00f5gusega, raadiomikrofoni vastuv\u00f5tjatele - raadiomikrofonide m\u00fc\u00fck\" \/>\n<meta property=\"og:url\" content=\"https:\/\/elvtehnika.ee\/test\/epood\/thon-tehnikarakk-10u-live-40\/\" \/>\n<meta property=\"og:site_name\" content=\"ELV Tehnika\" \/>\n<meta property=\"article:modified_time\" content=\"2018-12-21T15:30:53+00:00\" \/>\n<meta property=\"og:image\" content=\"https:\/\/elvtehnika.ee\/test\/wp-content\/uploads\/Thon-tehnikar\u00e4kk-10U-Live-40-6.jpg\" \/>\n\t<meta property=\"og:image:width\" content=\"840\" \/>\n\t<meta property=\"og:image:height\" content=\"762\" \/>\n\t<meta property=\"og:image:type\" content=\"image\/jpeg\" \/>\n<script type=\"application\/ld+json\" class=\"yoast-schema-graph\">{\"@context\":\"https:\/\/schema.org\",\"@graph\":[{\"@type\":\"WebPage\",\"@id\":\"https:\/\/elvtehnika.ee\/test\/epood\/thon-tehnikarakk-10u-live-40\/\",\"url\":\"https:\/\/elvtehnika.ee\/test\/epood\/thon-tehnikarakk-10u-live-40\/\",\"name\":\"Thon tehnikar\u00e4kk 10U Live 40 - ELV Tehnika\",\"isPartOf\":{\"@id\":\"https:\/\/elvtehnika.ee\/test\/#website\"},\"datePublished\":\"2015-09-18T09:16:31+00:00\",\"dateModified\":\"2018-12-21T15:30:53+00:00\",\"description\":\"Tehnikar\u00e4kk 10U k\u00f5gusega, raadiomikrofoni vastuv\u00f5tjatele - raadiomikrofonide m\u00fc\u00fck\",\"breadcrumb\":{\"@id\":\"https:\/\/elvtehnika.ee\/test\/epood\/thon-tehnikarakk-10u-live-40\/#breadcrumb\"},\"inLanguage\":\"et\",\"potentialAction\":[{\"@type\":\"ReadAction\",\"target\":[\"https:\/\/elvtehnika.ee\/test\/epood\/thon-tehnikarakk-10u-live-40\/\"]}]},{\"@type\":\"BreadcrumbList\",\"@id\":\"https:\/\/elvtehnika.ee\/test\/epood\/thon-tehnikarakk-10u-live-40\/#breadcrumb\",\"itemListElement\":[{\"@type\":\"ListItem\",\"position\":1,\"name\":\"Home\",\"item\":\"https:\/\/elvtehnika.ee\/test\/\"},{\"@type\":\"ListItem\",\"position\":2,\"name\":\"E-pood\",\"item\":\"https:\/\/elvtehnika.ee\/test\/epood\/\"},{\"@type\":\"ListItem\",\"position\":3,\"name\":\"Thon tehnikar\u00e4kk 10U Live 40\"}]},{\"@type\":\"WebSite\",\"@id\":\"https:\/\/elvtehnika.ee\/test\/#website\",\"url\":\"https:\/\/elvtehnika.ee\/test\/\",\"name\":\"ELV Tehnika\",\"description\":\"Heli-, valgus- ja esitlustehnika\",\"potentialAction\":[{\"@type\":\"SearchAction\",\"target\":{\"@type\":\"EntryPoint\",\"urlTemplate\":\"https:\/\/elvtehnika.ee\/test\/?s={search_term_string}\"},\"query-input\":\"required name=search_term_string\"}],\"inLanguage\":\"et\"}]}<\/script>\n<!-- \/ Yoast SEO plugin. -->","yoast_head_json":{"title":"Thon tehnikar\u00e4kk 10U Live 40 - ELV Tehnika","description":"Tehnikar\u00e4kk 10U k\u00f5gusega, raadiomikrofoni vastuv\u00f5tjatele - raadiomikrofonide m\u00fc\u00fck","robots":{"index":"noindex","follow":"follow","max-snippet":"max-snippet:-1","max-image-preview":"max-image-preview:large","max-video-preview":"max-video-preview:-1"},"og_locale":"et_EE","og_type":"article","og_title":"Thon tehnikar\u00e4kk 10U Live 40 - ELV Tehnika","og_description":"Tehnikar\u00e4kk 10U k\u00f5gusega, raadiomikrofoni vastuv\u00f5tjatele - raadiomikrofonide m\u00fc\u00fck","og_url":"https:\/\/elvtehnika.ee\/test\/epood\/thon-tehnikarakk-10u-live-40\/","og_site_name":"ELV Tehnika","article_modified_time":"2018-12-21T15:30:53+00:00","og_image":[{"width":840,"height":762,"url":"https:\/\/elvtehnika.ee\/test\/wp-content\/uploads\/Thon-tehnikar\u00e4kk-10U-Live-40-6.jpg","type":"image\/jpeg"}],"schema":{"@context":"https:\/\/schema.org","@graph":[{"@type":"WebPage","@id":"https:\/\/elvtehnika.ee\/test\/epood\/thon-tehnikarakk-10u-live-40\/","url":"https:\/\/elvtehnika.ee\/test\/epood\/thon-tehnikarakk-10u-live-40\/","name":"Thon tehnikar\u00e4kk 10U Live 40 - ELV Tehnika","isPartOf":{"@id":"https:\/\/elvtehnika.ee\/test\/#website"},"datePublished":"2015-09-18T09:16:31+00:00","dateModified":"2018-12-21T15:30:53+00:00","description":"Tehnikar\u00e4kk 10U k\u00f5gusega, raadiomikrofoni vastuv\u00f5tjatele - raadiomikrofonide m\u00fc\u00fck","breadcrumb":{"@id":"https:\/\/elvtehnika.ee\/test\/epood\/thon-tehnikarakk-10u-live-40\/#breadcrumb"},"inLanguage":"et","potentialAction":[{"@type":"ReadAction","target":["https:\/\/elvtehnika.ee\/test\/epood\/thon-tehnikarakk-10u-live-40\/"]}]},{"@type":"BreadcrumbList","@id":"https:\/\/elvtehnika.ee\/test\/epood\/thon-tehnikarakk-10u-live-40\/#breadcrumb","itemListElement":[{"@type":"ListItem","position":1,"name":"Home","item":"https:\/\/elvtehnika.ee\/test\/"},{"@type":"ListItem","position":2,"name":"E-pood","item":"https:\/\/elvtehnika.ee\/test\/epood\/"},{"@type":"ListItem","position":3,"name":"Thon tehnikar\u00e4kk 10U Live 40"}]},{"@type":"WebSite","@id":"https:\/\/elvtehnika.ee\/test\/#website","url":"https:\/\/elvtehnika.ee\/test\/","name":"ELV Tehnika","description":"Heli-, valgus- ja esitlustehnika","potentialAction":[{"@type":"SearchAction","target":{"@type":"EntryPoint","urlTemplate":"https:\/\/elvtehnika.ee\/test\/?s={search_term_string}"},"query-input":"required name=search_term_string"}],"inLanguage":"et"}]}},"_links":{"self":[{"href":"https:\/\/elvtehnika.ee\/test\/wp-json\/wp\/v2\/product\/11698"}],"collection":[{"href":"https:\/\/elvtehnika.ee\/test\/wp-json\/wp\/v2\/product"}],"about":[{"href":"https:\/\/elvtehnika.ee\/test\/wp-json\/wp\/v2\/types\/product"}],"wp:featuredmedia":[{"embeddable":true,"href":"https:\/\/elvtehnika.ee\/test\/wp-json\/wp\/v2\/media\/2289"}],"wp:attachment":[{"href":"https:\/\/elvtehnika.ee\/test\/wp-json\/wp\/v2\/media?parent=11698"}],"curies":[{"name":"wp","href":"https:\/\/api.w.org\/{rel}","templated":true}]}}