{"id":11709,"date":"2015-09-15T16:05:44","date_gmt":"2015-09-15T13:05:44","guid":{"rendered":"http:\/\/localhost\/plus\/elv3\/epood\/korvamonitoride-vastuvotja-the-t-bone-iem-100-r-770-mhz\/"},"modified":"2018-12-21T17:30:53","modified_gmt":"2018-12-21T15:30:53","slug":"korvamonitoride-vastuvotja-the-t-bone-iem-100-r-770-mhz","status":"publish","type":"product","link":"https:\/\/elvtehnika.ee\/test\/epood\/korvamonitoride-vastuvotja-the-t-bone-iem-100-r-770-mhz\/","title":{"rendered":"K\u00f5rvamonitoride vastuv\u00f5tja the t.bone IEM 100 R &#8211; 770 MHz"},"content":{"rendered":"","protected":false},"excerpt":{"rendered":"","protected":false},"featured_media":2219,"template":"","meta":[],"acf":[],"yoast_head":"<!-- This site is optimized with the Yoast SEO plugin v20.5 - https:\/\/yoast.com\/wordpress\/plugins\/seo\/ -->\n<title>K\u00f5rvamonitoride vastuv\u00f5tja the t.bone IEM 100 R - 770 MHz - ELV Tehnika<\/title>\n<meta name=\"description\" content=\"K\u00f5rvamonitoride vastuv\u00f5tja - t\u00f6\u00f6kindel, AA-patareidega \u00fcle 8 tunni, levi \u00fcle 100m - helitehnika m\u00fc\u00fck\" \/>\n<meta name=\"robots\" content=\"noindex, follow, max-snippet:-1, max-image-preview:large, max-video-preview:-1\" \/>\n<meta property=\"og:locale\" content=\"et_EE\" \/>\n<meta property=\"og:type\" content=\"article\" \/>\n<meta property=\"og:title\" content=\"K\u00f5rvamonitoride vastuv\u00f5tja the t.bone IEM 100 R - 770 MHz - ELV Tehnika\" \/>\n<meta property=\"og:description\" content=\"K\u00f5rvamonitoride vastuv\u00f5tja - t\u00f6\u00f6kindel, AA-patareidega \u00fcle 8 tunni, levi \u00fcle 100m - helitehnika m\u00fc\u00fck\" \/>\n<meta property=\"og:url\" content=\"https:\/\/elvtehnika.ee\/test\/epood\/korvamonitoride-vastuvotja-the-t-bone-iem-100-r-770-mhz\/\" \/>\n<meta property=\"og:site_name\" content=\"ELV Tehnika\" \/>\n<meta property=\"article:modified_time\" content=\"2018-12-21T15:30:53+00:00\" \/>\n<meta property=\"og:image\" content=\"https:\/\/elvtehnika.ee\/test\/wp-content\/uploads\/K\u00f5rvamonitoride-vastuv\u00f5tja-the-t.bone-IEM-100-R-770-MHz.jpg\" \/>\n\t<meta property=\"og:image:width\" content=\"368\" \/>\n\t<meta property=\"og:image:height\" content=\"753\" \/>\n\t<meta property=\"og:image:type\" content=\"image\/jpeg\" \/>\n<script type=\"application\/ld+json\" class=\"yoast-schema-graph\">{\"@context\":\"https:\/\/schema.org\",\"@graph\":[{\"@type\":\"WebPage\",\"@id\":\"https:\/\/elvtehnika.ee\/test\/epood\/korvamonitoride-vastuvotja-the-t-bone-iem-100-r-770-mhz\/\",\"url\":\"https:\/\/elvtehnika.ee\/test\/epood\/korvamonitoride-vastuvotja-the-t-bone-iem-100-r-770-mhz\/\",\"name\":\"K\u00f5rvamonitoride vastuv\u00f5tja the t.bone IEM 100 R - 770 MHz - ELV Tehnika\",\"isPartOf\":{\"@id\":\"https:\/\/elvtehnika.ee\/test\/#website\"},\"datePublished\":\"2015-09-15T13:05:44+00:00\",\"dateModified\":\"2018-12-21T15:30:53+00:00\",\"description\":\"K\u00f5rvamonitoride vastuv\u00f5tja - t\u00f6\u00f6kindel, AA-patareidega \u00fcle 8 tunni, levi \u00fcle 100m - helitehnika m\u00fc\u00fck\",\"breadcrumb\":{\"@id\":\"https:\/\/elvtehnika.ee\/test\/epood\/korvamonitoride-vastuvotja-the-t-bone-iem-100-r-770-mhz\/#breadcrumb\"},\"inLanguage\":\"et\",\"potentialAction\":[{\"@type\":\"ReadAction\",\"target\":[\"https:\/\/elvtehnika.ee\/test\/epood\/korvamonitoride-vastuvotja-the-t-bone-iem-100-r-770-mhz\/\"]}]},{\"@type\":\"BreadcrumbList\",\"@id\":\"https:\/\/elvtehnika.ee\/test\/epood\/korvamonitoride-vastuvotja-the-t-bone-iem-100-r-770-mhz\/#breadcrumb\",\"itemListElement\":[{\"@type\":\"ListItem\",\"position\":1,\"name\":\"Home\",\"item\":\"https:\/\/elvtehnika.ee\/test\/\"},{\"@type\":\"ListItem\",\"position\":2,\"name\":\"E-pood\",\"item\":\"https:\/\/elvtehnika.ee\/test\/epood\/\"},{\"@type\":\"ListItem\",\"position\":3,\"name\":\"K\u00f5rvamonitoride vastuv\u00f5tja the t.bone IEM 100 R &#8211; 770 MHz\"}]},{\"@type\":\"WebSite\",\"@id\":\"https:\/\/elvtehnika.ee\/test\/#website\",\"url\":\"https:\/\/elvtehnika.ee\/test\/\",\"name\":\"ELV Tehnika\",\"description\":\"Heli-, valgus- ja esitlustehnika\",\"potentialAction\":[{\"@type\":\"SearchAction\",\"target\":{\"@type\":\"EntryPoint\",\"urlTemplate\":\"https:\/\/elvtehnika.ee\/test\/?s={search_term_string}\"},\"query-input\":\"required name=search_term_string\"}],\"inLanguage\":\"et\"}]}<\/script>\n<!-- \/ Yoast SEO plugin. -->","yoast_head_json":{"title":"K\u00f5rvamonitoride vastuv\u00f5tja the t.bone IEM 100 R - 770 MHz - ELV Tehnika","description":"K\u00f5rvamonitoride vastuv\u00f5tja - t\u00f6\u00f6kindel, AA-patareidega \u00fcle 8 tunni, levi \u00fcle 100m - helitehnika m\u00fc\u00fck","robots":{"index":"noindex","follow":"follow","max-snippet":"max-snippet:-1","max-image-preview":"max-image-preview:large","max-video-preview":"max-video-preview:-1"},"og_locale":"et_EE","og_type":"article","og_title":"K\u00f5rvamonitoride vastuv\u00f5tja the t.bone IEM 100 R - 770 MHz - ELV Tehnika","og_description":"K\u00f5rvamonitoride vastuv\u00f5tja - t\u00f6\u00f6kindel, AA-patareidega \u00fcle 8 tunni, levi \u00fcle 100m - helitehnika m\u00fc\u00fck","og_url":"https:\/\/elvtehnika.ee\/test\/epood\/korvamonitoride-vastuvotja-the-t-bone-iem-100-r-770-mhz\/","og_site_name":"ELV Tehnika","article_modified_time":"2018-12-21T15:30:53+00:00","og_image":[{"width":368,"height":753,"url":"https:\/\/elvtehnika.ee\/test\/wp-content\/uploads\/K\u00f5rvamonitoride-vastuv\u00f5tja-the-t.bone-IEM-100-R-770-MHz.jpg","type":"image\/jpeg"}],"schema":{"@context":"https:\/\/schema.org","@graph":[{"@type":"WebPage","@id":"https:\/\/elvtehnika.ee\/test\/epood\/korvamonitoride-vastuvotja-the-t-bone-iem-100-r-770-mhz\/","url":"https:\/\/elvtehnika.ee\/test\/epood\/korvamonitoride-vastuvotja-the-t-bone-iem-100-r-770-mhz\/","name":"K\u00f5rvamonitoride vastuv\u00f5tja the t.bone IEM 100 R - 770 MHz - ELV Tehnika","isPartOf":{"@id":"https:\/\/elvtehnika.ee\/test\/#website"},"datePublished":"2015-09-15T13:05:44+00:00","dateModified":"2018-12-21T15:30:53+00:00","description":"K\u00f5rvamonitoride vastuv\u00f5tja - t\u00f6\u00f6kindel, AA-patareidega \u00fcle 8 tunni, levi \u00fcle 100m - helitehnika m\u00fc\u00fck","breadcrumb":{"@id":"https:\/\/elvtehnika.ee\/test\/epood\/korvamonitoride-vastuvotja-the-t-bone-iem-100-r-770-mhz\/#breadcrumb"},"inLanguage":"et","potentialAction":[{"@type":"ReadAction","target":["https:\/\/elvtehnika.ee\/test\/epood\/korvamonitoride-vastuvotja-the-t-bone-iem-100-r-770-mhz\/"]}]},{"@type":"BreadcrumbList","@id":"https:\/\/elvtehnika.ee\/test\/epood\/korvamonitoride-vastuvotja-the-t-bone-iem-100-r-770-mhz\/#breadcrumb","itemListElement":[{"@type":"ListItem","position":1,"name":"Home","item":"https:\/\/elvtehnika.ee\/test\/"},{"@type":"ListItem","position":2,"name":"E-pood","item":"https:\/\/elvtehnika.ee\/test\/epood\/"},{"@type":"ListItem","position":3,"name":"K\u00f5rvamonitoride vastuv\u00f5tja the t.bone IEM 100 R &#8211; 770 MHz"}]},{"@type":"WebSite","@id":"https:\/\/elvtehnika.ee\/test\/#website","url":"https:\/\/elvtehnika.ee\/test\/","name":"ELV Tehnika","description":"Heli-, valgus- ja esitlustehnika","potentialAction":[{"@type":"SearchAction","target":{"@type":"EntryPoint","urlTemplate":"https:\/\/elvtehnika.ee\/test\/?s={search_term_string}"},"query-input":"required name=search_term_string"}],"inLanguage":"et"}]}},"_links":{"self":[{"href":"https:\/\/elvtehnika.ee\/test\/wp-json\/wp\/v2\/product\/11709"}],"collection":[{"href":"https:\/\/elvtehnika.ee\/test\/wp-json\/wp\/v2\/product"}],"about":[{"href":"https:\/\/elvtehnika.ee\/test\/wp-json\/wp\/v2\/types\/product"}],"wp:featuredmedia":[{"embeddable":true,"href":"https:\/\/elvtehnika.ee\/test\/wp-json\/wp\/v2\/media\/2219"}],"wp:attachment":[{"href":"https:\/\/elvtehnika.ee\/test\/wp-json\/wp\/v2\/media?parent=11709"}],"curies":[{"name":"wp","href":"https:\/\/api.w.org\/{rel}","templated":true}]}}