{"id":11876,"date":"2019-03-28T23:42:27","date_gmt":"2019-03-28T21:42:27","guid":{"rendered":"http:\/\/localhost\/plus\/elv3\/?post_type=product&#038;p=11876"},"modified":"2019-03-28T23:42:27","modified_gmt":"2019-03-28T21:42:27","slug":"giiditehnika-laadimiskohver-yarmee-yt130c-kuni-30-le-vastuvotjale-ja-2-le-saatjale","status":"publish","type":"product","link":"https:\/\/elvtehnika.ee\/test\/epood\/giiditehnika-laadimiskohver-yarmee-yt130c-kuni-30-le-vastuvotjale-ja-2-le-saatjale\/","title":{"rendered":"Giiditehnika laadimiskohver Yarmee YT130C,  kuni 30-le vastuv\u00f5tjale ja 2-le saatjale"},"content":{"rendered":"","protected":false},"excerpt":{"rendered":"","protected":false},"featured_media":10849,"template":"","meta":[],"acf":[],"yoast_head":"<!-- This site is optimized with the Yoast SEO plugin v20.5 - https:\/\/yoast.com\/wordpress\/plugins\/seo\/ -->\n<title>Giiditehnika laadimiskohver Yarmee YT130C, kuni 30-le vastuv\u00f5tjale ja 2-le saatjale - ELV Tehnika<\/title>\n<meta name=\"description\" content=\"Giiditehnika laadimiskohver Yarmee YT130C, kuni 30-le vastuv\u00f5tjale ja 2-le saatjale on m\u00f5eldud Yarmee seadmete mugavaks laadimiseks ja transportimiseks.\" \/>\n<meta name=\"robots\" content=\"noindex, follow, max-snippet:-1, max-image-preview:large, max-video-preview:-1\" \/>\n<meta property=\"og:locale\" content=\"et_EE\" \/>\n<meta property=\"og:type\" content=\"article\" \/>\n<meta property=\"og:title\" content=\"Giiditehnika laadimiskohver Yarmee YT130C, kuni 30-le vastuv\u00f5tjale ja 2-le saatjale - ELV Tehnika\" \/>\n<meta property=\"og:description\" content=\"Giiditehnika laadimiskohver Yarmee YT130C, kuni 30-le vastuv\u00f5tjale ja 2-le saatjale on m\u00f5eldud Yarmee seadmete mugavaks laadimiseks ja transportimiseks.\" \/>\n<meta property=\"og:url\" content=\"https:\/\/elvtehnika.ee\/test\/epood\/giiditehnika-laadimiskohver-yarmee-yt130c-kuni-30-le-vastuvotjale-ja-2-le-saatjale\/\" \/>\n<meta property=\"og:site_name\" content=\"ELV Tehnika\" \/>\n<meta property=\"og:image\" content=\"https:\/\/elvtehnika.ee\/test\/wp-content\/uploads\/2018\/12\/giiditehnika-laadimiskohver-yarmee-yt160c-kuni-60-le-vastuvotjale-ja-4-le-saatjale-3.jpg\" \/>\n\t<meta property=\"og:image:width\" content=\"960\" \/>\n\t<meta property=\"og:image:height\" content=\"720\" \/>\n\t<meta property=\"og:image:type\" content=\"image\/jpeg\" \/>\n<script type=\"application\/ld+json\" class=\"yoast-schema-graph\">{\"@context\":\"https:\/\/schema.org\",\"@graph\":[{\"@type\":\"WebPage\",\"@id\":\"https:\/\/elvtehnika.ee\/test\/epood\/giiditehnika-laadimiskohver-yarmee-yt130c-kuni-30-le-vastuvotjale-ja-2-le-saatjale\/\",\"url\":\"https:\/\/elvtehnika.ee\/test\/epood\/giiditehnika-laadimiskohver-yarmee-yt130c-kuni-30-le-vastuvotjale-ja-2-le-saatjale\/\",\"name\":\"Giiditehnika laadimiskohver Yarmee YT130C, kuni 30-le vastuv\u00f5tjale ja 2-le saatjale - ELV Tehnika\",\"isPartOf\":{\"@id\":\"https:\/\/elvtehnika.ee\/test\/#website\"},\"datePublished\":\"2019-03-28T21:42:27+00:00\",\"dateModified\":\"2019-03-28T21:42:27+00:00\",\"description\":\"Giiditehnika laadimiskohver Yarmee YT130C, kuni 30-le vastuv\u00f5tjale ja 2-le saatjale on m\u00f5eldud Yarmee seadmete mugavaks laadimiseks ja transportimiseks.\",\"breadcrumb\":{\"@id\":\"https:\/\/elvtehnika.ee\/test\/epood\/giiditehnika-laadimiskohver-yarmee-yt130c-kuni-30-le-vastuvotjale-ja-2-le-saatjale\/#breadcrumb\"},\"inLanguage\":\"et\",\"potentialAction\":[{\"@type\":\"ReadAction\",\"target\":[\"https:\/\/elvtehnika.ee\/test\/epood\/giiditehnika-laadimiskohver-yarmee-yt130c-kuni-30-le-vastuvotjale-ja-2-le-saatjale\/\"]}]},{\"@type\":\"BreadcrumbList\",\"@id\":\"https:\/\/elvtehnika.ee\/test\/epood\/giiditehnika-laadimiskohver-yarmee-yt130c-kuni-30-le-vastuvotjale-ja-2-le-saatjale\/#breadcrumb\",\"itemListElement\":[{\"@type\":\"ListItem\",\"position\":1,\"name\":\"Home\",\"item\":\"https:\/\/elvtehnika.ee\/test\/\"},{\"@type\":\"ListItem\",\"position\":2,\"name\":\"E-pood\",\"item\":\"https:\/\/elvtehnika.ee\/test\/epood\/\"},{\"@type\":\"ListItem\",\"position\":3,\"name\":\"Giiditehnika laadimiskohver Yarmee YT130C, kuni 30-le vastuv\u00f5tjale ja 2-le saatjale\"}]},{\"@type\":\"WebSite\",\"@id\":\"https:\/\/elvtehnika.ee\/test\/#website\",\"url\":\"https:\/\/elvtehnika.ee\/test\/\",\"name\":\"ELV Tehnika\",\"description\":\"Heli-, valgus- ja esitlustehnika\",\"potentialAction\":[{\"@type\":\"SearchAction\",\"target\":{\"@type\":\"EntryPoint\",\"urlTemplate\":\"https:\/\/elvtehnika.ee\/test\/?s={search_term_string}\"},\"query-input\":\"required name=search_term_string\"}],\"inLanguage\":\"et\"}]}<\/script>\n<!-- \/ Yoast SEO plugin. -->","yoast_head_json":{"title":"Giiditehnika laadimiskohver Yarmee YT130C, kuni 30-le vastuv\u00f5tjale ja 2-le saatjale - ELV Tehnika","description":"Giiditehnika laadimiskohver Yarmee YT130C, kuni 30-le vastuv\u00f5tjale ja 2-le saatjale on m\u00f5eldud Yarmee seadmete mugavaks laadimiseks ja transportimiseks.","robots":{"index":"noindex","follow":"follow","max-snippet":"max-snippet:-1","max-image-preview":"max-image-preview:large","max-video-preview":"max-video-preview:-1"},"og_locale":"et_EE","og_type":"article","og_title":"Giiditehnika laadimiskohver Yarmee YT130C, kuni 30-le vastuv\u00f5tjale ja 2-le saatjale - ELV Tehnika","og_description":"Giiditehnika laadimiskohver Yarmee YT130C, kuni 30-le vastuv\u00f5tjale ja 2-le saatjale on m\u00f5eldud Yarmee seadmete mugavaks laadimiseks ja transportimiseks.","og_url":"https:\/\/elvtehnika.ee\/test\/epood\/giiditehnika-laadimiskohver-yarmee-yt130c-kuni-30-le-vastuvotjale-ja-2-le-saatjale\/","og_site_name":"ELV Tehnika","og_image":[{"width":960,"height":720,"url":"https:\/\/elvtehnika.ee\/test\/wp-content\/uploads\/2018\/12\/giiditehnika-laadimiskohver-yarmee-yt160c-kuni-60-le-vastuvotjale-ja-4-le-saatjale-3.jpg","type":"image\/jpeg"}],"schema":{"@context":"https:\/\/schema.org","@graph":[{"@type":"WebPage","@id":"https:\/\/elvtehnika.ee\/test\/epood\/giiditehnika-laadimiskohver-yarmee-yt130c-kuni-30-le-vastuvotjale-ja-2-le-saatjale\/","url":"https:\/\/elvtehnika.ee\/test\/epood\/giiditehnika-laadimiskohver-yarmee-yt130c-kuni-30-le-vastuvotjale-ja-2-le-saatjale\/","name":"Giiditehnika laadimiskohver Yarmee YT130C, kuni 30-le vastuv\u00f5tjale ja 2-le saatjale - ELV Tehnika","isPartOf":{"@id":"https:\/\/elvtehnika.ee\/test\/#website"},"datePublished":"2019-03-28T21:42:27+00:00","dateModified":"2019-03-28T21:42:27+00:00","description":"Giiditehnika laadimiskohver Yarmee YT130C, kuni 30-le vastuv\u00f5tjale ja 2-le saatjale on m\u00f5eldud Yarmee seadmete mugavaks laadimiseks ja transportimiseks.","breadcrumb":{"@id":"https:\/\/elvtehnika.ee\/test\/epood\/giiditehnika-laadimiskohver-yarmee-yt130c-kuni-30-le-vastuvotjale-ja-2-le-saatjale\/#breadcrumb"},"inLanguage":"et","potentialAction":[{"@type":"ReadAction","target":["https:\/\/elvtehnika.ee\/test\/epood\/giiditehnika-laadimiskohver-yarmee-yt130c-kuni-30-le-vastuvotjale-ja-2-le-saatjale\/"]}]},{"@type":"BreadcrumbList","@id":"https:\/\/elvtehnika.ee\/test\/epood\/giiditehnika-laadimiskohver-yarmee-yt130c-kuni-30-le-vastuvotjale-ja-2-le-saatjale\/#breadcrumb","itemListElement":[{"@type":"ListItem","position":1,"name":"Home","item":"https:\/\/elvtehnika.ee\/test\/"},{"@type":"ListItem","position":2,"name":"E-pood","item":"https:\/\/elvtehnika.ee\/test\/epood\/"},{"@type":"ListItem","position":3,"name":"Giiditehnika laadimiskohver Yarmee YT130C, kuni 30-le vastuv\u00f5tjale ja 2-le saatjale"}]},{"@type":"WebSite","@id":"https:\/\/elvtehnika.ee\/test\/#website","url":"https:\/\/elvtehnika.ee\/test\/","name":"ELV Tehnika","description":"Heli-, valgus- ja esitlustehnika","potentialAction":[{"@type":"SearchAction","target":{"@type":"EntryPoint","urlTemplate":"https:\/\/elvtehnika.ee\/test\/?s={search_term_string}"},"query-input":"required name=search_term_string"}],"inLanguage":"et"}]}},"_links":{"self":[{"href":"https:\/\/elvtehnika.ee\/test\/wp-json\/wp\/v2\/product\/11876"}],"collection":[{"href":"https:\/\/elvtehnika.ee\/test\/wp-json\/wp\/v2\/product"}],"about":[{"href":"https:\/\/elvtehnika.ee\/test\/wp-json\/wp\/v2\/types\/product"}],"wp:featuredmedia":[{"embeddable":true,"href":"https:\/\/elvtehnika.ee\/test\/wp-json\/wp\/v2\/media\/10849"}],"wp:attachment":[{"href":"https:\/\/elvtehnika.ee\/test\/wp-json\/wp\/v2\/media?parent=11876"}],"curies":[{"name":"wp","href":"https:\/\/api.w.org\/{rel}","templated":true}]}}